{"id":600,"date":"2024-09-19T19:21:57","date_gmt":"2024-09-19T17:21:57","guid":{"rendered":"https:\/\/chiropraktik-bargteheide.de\/?page_id=600"},"modified":"2024-09-20T14:32:07","modified_gmt":"2024-09-20T12:32:07","slug":"impressum","status":"publish","type":"page","link":"https:\/\/chiropraktik-bargteheide.de\/en\/impressum\/","title":{"rendered":"Impressum"},"content":{"rendered":"<div data-elementor-type=\"wp-page\" data-elementor-id=\"600\" class=\"elementor elementor-600\">\n\t\t\t\t\t\t\t\t\t<section class=\"elementor-section elementor-top-section elementor-element elementor-element-e785b96 elementor-section-boxed elementor-section-height-default elementor-section-height-default\" data-id=\"e785b96\" data-element_type=\"section\">\n\t\t\t\t\t\t<div class=\"elementor-container elementor-column-gap-default\">\n\t\t\t\t\t<div class=\"elementor-column elementor-col-50 elementor-top-column elementor-element elementor-element-365b09d\" data-id=\"365b09d\" data-element_type=\"column\">\n\t\t\t<div class=\"elementor-widget-wrap elementor-element-populated\">\n\t\t\t\t\t\t\t\t<div class=\"elementor-element elementor-element-ce40995 elementor-widget elementor-widget-spacer\" data-id=\"ce40995\" data-element_type=\"widget\" data-widget_type=\"spacer.default\">\n\t\t\t\t<div class=\"elementor-widget-container\">\n\t\t\t<style>\/*! elementor - v3.13.3 - 22-05-2023 *\/\n.elementor-column .elementor-spacer-inner{height:var(--spacer-size)}.e-con{--container-widget-width:100%}.e-con-inner>.elementor-widget-spacer,.e-con>.elementor-widget-spacer{width:var(--container-widget-width,var(--spacer-size));--align-self:var(--container-widget-align-self,initial);--flex-shrink:0}.e-con-inner>.elementor-widget-spacer>.elementor-widget-container,.e-con-inner>.elementor-widget-spacer>.elementor-widget-container>.elementor-spacer,.e-con>.elementor-widget-spacer>.elementor-widget-container,.e-con>.elementor-widget-spacer>.elementor-widget-container>.elementor-spacer{height:100%}.e-con-inner>.elementor-widget-spacer>.elementor-widget-container>.elementor-spacer>.elementor-spacer-inner,.e-con>.elementor-widget-spacer>.elementor-widget-container>.elementor-spacer>.elementor-spacer-inner{height:var(--container-widget-height,var(--spacer-size))}<\/style>\t\t<div class=\"elementor-spacer\">\n\t\t\t<div class=\"elementor-spacer-inner\"><\/div>\n\t\t<\/div>\n\t\t\t\t<\/div>\n\t\t\t\t<\/div>\n\t\t\t\t<div class=\"elementor-element elementor-element-fc22620 elementor-widget elementor-widget-heading\" data-id=\"fc22620\" data-element_type=\"widget\" data-widget_type=\"heading.default\">\n\t\t\t\t<div class=\"elementor-widget-container\">\n\t\t\t<style>\/*! elementor - v3.13.3 - 22-05-2023 *\/\n.elementor-heading-title{padding:0;margin:0;line-height:1}.elementor-widget-heading .elementor-heading-title[class*=elementor-size-]>a{color:inherit;font-size:inherit;line-height:inherit}.elementor-widget-heading .elementor-heading-title.elementor-size-small{font-size:15px}.elementor-widget-heading .elementor-heading-title.elementor-size-medium{font-size:19px}.elementor-widget-heading .elementor-heading-title.elementor-size-large{font-size:29px}.elementor-widget-heading .elementor-heading-title.elementor-size-xl{font-size:39px}.elementor-widget-heading .elementor-heading-title.elementor-size-xxl{font-size:59px}<\/style><h2 class=\"elementor-heading-title elementor-size-default\">Impressum<\/h2>\t\t<\/div>\n\t\t\t\t<\/div>\n\t\t\t\t<div class=\"elementor-element elementor-element-7869f69 elementor-widget elementor-widget-spacer\" data-id=\"7869f69\" data-element_type=\"widget\" data-widget_type=\"spacer.default\">\n\t\t\t\t<div class=\"elementor-widget-container\">\n\t\t\t\t\t<div class=\"elementor-spacer\">\n\t\t\t<div class=\"elementor-spacer-inner\"><\/div>\n\t\t<\/div>\n\t\t\t\t<\/div>\n\t\t\t\t<\/div>\n\t\t\t\t\t<\/div>\n\t\t<\/div>\n\t\t\t\t<div class=\"elementor-column elementor-col-50 elementor-top-column elementor-element elementor-element-cb6d3aa\" data-id=\"cb6d3aa\" data-element_type=\"column\">\n\t\t\t<div class=\"elementor-widget-wrap\">\n\t\t\t\t\t\t\t\t\t<\/div>\n\t\t<\/div>\n\t\t\t\t\t\t\t<\/div>\n\t\t<\/section>\n\t\t\t\t<section class=\"elementor-section elementor-top-section elementor-element elementor-element-10f638a elementor-section-boxed elementor-section-height-default elementor-section-height-default\" data-id=\"10f638a\" data-element_type=\"section\">\n\t\t\t\t\t\t<div class=\"elementor-container elementor-column-gap-default\">\n\t\t\t\t\t<div class=\"elementor-column elementor-col-50 elementor-top-column elementor-element elementor-element-e128a1f\" data-id=\"e128a1f\" data-element_type=\"column\">\n\t\t\t<div class=\"elementor-widget-wrap elementor-element-populated\">\n\t\t\t\t\t\t\t\t<div class=\"elementor-element elementor-element-2cf8314 elementor-widget elementor-widget-text-editor\" data-id=\"2cf8314\" data-element_type=\"widget\" data-widget_type=\"text-editor.default\">\n\t\t\t\t<div class=\"elementor-widget-container\">\n\t\t\t<style>\/*! elementor - v3.13.3 - 22-05-2023 *\/\n.elementor-widget-text-editor.elementor-drop-cap-view-stacked .elementor-drop-cap{background-color:#69727d;color:#fff}.elementor-widget-text-editor.elementor-drop-cap-view-framed .elementor-drop-cap{color:#69727d;border:3px solid;background-color:transparent}.elementor-widget-text-editor:not(.elementor-drop-cap-view-default) .elementor-drop-cap{margin-top:8px}.elementor-widget-text-editor:not(.elementor-drop-cap-view-default) .elementor-drop-cap-letter{width:1em;height:1em}.elementor-widget-text-editor .elementor-drop-cap{float:left;text-align:center;line-height:1;font-size:50px}.elementor-widget-text-editor .elementor-drop-cap-letter{display:inline-block}<\/style>\t\t\t\t<p>Name der Praxis: Familien Chiropraktik Bargtheide<br>Stra\u00dfe: Rathausstra\u00dfe 29<br>PLZ \/ Ort: 22941 Bargteheide<br>Phone: 04532 2048011<br><span style=\"font-style: inherit; font-weight: inherit; background-color: var(--ast-global-color-5); font-family: -apple-system, BlinkMacSystemFont, 'Segoe UI', Roboto, Oxygen-Sans, Ubuntu, Cantarell, 'Helvetica Neue', sans-serif;\">E-Mail:&nbsp;<\/span><span style=\"background-color: var(--ast-global-color-5);\"><a href=\"https:\/\/www.familien@chiropraktik-bargteheide.de\/en\/\">familien@chiropraktik-bargteheide.de<\/a><\/span><\/p>\n<p>Verantwortlich f\u00fcr die Website: Felix Wrage<\/p>\n<p>Gesetzliche Berufsbezeichnung: Heilpraktiker (sektoral im Bereich Chiropraktik &#8211; verliehen in der Bundesrepublik Deutschland)<\/p>\n<p>Zust\u00e4ndige Aufsichtsbeh\u00f6rde: Gesundheitsamt Stormarn<\/p>\n<p>Tag der Zulassung: 05.02.2020<br>Beh\u00f6rdliche Erlaubnis durch: Kreisverwaltung Donnersbergkreis<\/p>\n<p>Berufsordnung: Nachzulesen im Internet unter <a href=\"https:\/\/www.bdh-online.de\/wp-content\/uploads\/2015\/08\/Berufsordnung-Heilpraktiker_2015_210x297_20150814.pdf\">https:\/\/www.bdh-online.de\/wp-content\/uploads\/2015\/08\/Berufsordnung-Heilpraktiker_2015_210x297_20150814.pdf<\/a><\/p>\n<p>Rechtsgrundlage der Heilpraktikert\u00e4tigkeit, Heilpraktikergesetz und Durchf\u00fchrungsverordnung: Nachzulesen im Internet unter <a href=\"http:\/\/www.gesetze-im-internet.de\/heilprg\/index.html und http:\/\/www.gesetze-im-internet.de\/heilprgdv_1\/index.html\">http:\/\/www.gesetze-im-internet.de\/heilprg\/index.html und http:\/\/www.gesetze-im-internet.de\/heilprgdv_1\/index.html<\/a><\/p>\n<p>Internet Disclaimer \/ Haftungsausschluss<\/p>\n<p>Wir begr\u00fc\u00dfen jeden Interessierten auf unserer Website.<\/p>\n<p>Wir weisen darauf hin, dass sich diese Website und s\u00e4mtliche Informationen auf der Website nach deutschem Recht richten. Jeder Benutzer, welcher \u00fcber diesen Disclaimer hinweggeht, um auf unseren einzelnen Seiten Zugriff zu nehmen, erkennt mit dem Weiterbl\u00e4ttern der Seite an, dass sich die Beziehung zwischen ihm und uns ausschlie\u00dflich nach deutschem Recht richtet.<\/p>\n<p><span style=\"font-style: inherit; font-weight: inherit; background-color: var(--ast-global-color-5); font-family: -apple-system, BlinkMacSystemFont, &quot;Segoe UI&quot;, Roboto, Oxygen-Sans, Ubuntu, Cantarell, &quot;Helvetica Neue&quot;, sans-serif;\">Vorsorglich weisen wir darauf hin, dass die von uns abgegebenen Informationen auf der Website nicht genutzt werden k\u00f6nnen, um Krankheiten oder Leiden selbst zu erkennen und therapieren.<\/span><\/p>\n<p><span style=\"font-style: inherit; font-weight: inherit; background-color: var(--ast-global-color-5); font-family: -apple-system, BlinkMacSystemFont, &quot;Segoe UI&quot;, Roboto, Oxygen-Sans, Ubuntu, Cantarell, &quot;Helvetica Neue&quot;, sans-serif;\">F\u00fcr die Vollst\u00e4ndigkeit oder Richtigkeit der Informationen auf dieser Website k\u00f6nnen wir keine Garantie \u00fcbernehmen.<\/span><\/p>\n<p><span style=\"background-color: var(--ast-global-color-5);\"><\/span><\/p>\n<p>Wir k\u00f6nnen nicht ausschlie\u00dfen, dass unsere Internetseiten auch Informationen durch Dritte aufweisen. F\u00fcr diese Informationen k\u00f6nnen wir keine Haftung \u00fcbernehmen. Dies gilt vor allem auch f\u00fcr Links zu anderen Websites, die wir zwar immer wieder daraufhin \u00fcberpr\u00fcfen, ob sie rechtswidrige Inhalte enthalten, aber keine Gew\u00e4hr daf\u00fcr leisten k\u00f6nnen. Die Inhalte dieser Seiten stellen nicht unsere Meinung dar, die Links werden nur zur Verbesserung der Informationsvielfalt ver\u00f6ffentlicht.<\/p>\t\t\t\t\t\t<\/div>\n\t\t\t\t<\/div>\n\t\t\t\t\t<\/div>\n\t\t<\/div>\n\t\t\t\t<div class=\"elementor-column elementor-col-50 elementor-top-column elementor-element elementor-element-9ee5376\" data-id=\"9ee5376\" data-element_type=\"column\">\n\t\t\t<div class=\"elementor-widget-wrap\">\n\t\t\t\t\t\t\t\t\t<\/div>\n\t\t<\/div>\n\t\t\t\t\t\t\t<\/div>\n\t\t<\/section>\n\t\t\t\t\t\t\t<\/div>","protected":false},"excerpt":{"rendered":"<p>Impressum Name der Praxis: Familien Chiropraktik BargtheideStra\u00dfe: Rathausstra\u00dfe 29PLZ \/ Ort: 22941 BargteheideTelefon: 04532 2048011E-Mail:&nbsp;familien@chiropraktik-bargteheide.de Verantwortlich f\u00fcr die Website: Felix Wrage Gesetzliche Berufsbezeichnung: Heilpraktiker (sektoral im Bereich Chiropraktik &#8211; verliehen in der Bundesrepublik Deutschland) Zust\u00e4ndige Aufsichtsbeh\u00f6rde: Gesundheitsamt Stormarn Tag der Zulassung: 05.02.2020Beh\u00f6rdliche Erlaubnis durch: Kreisverwaltung Donnersbergkreis Berufsordnung: Nachzulesen im Internet unter https:\/\/www.bdh-online.de\/wp-content\/uploads\/2015\/08\/Berufsordnung-Heilpraktiker_2015_210x297_20150814.pdf Rechtsgrundlage der Heilpraktikert\u00e4tigkeit, &hellip;<\/p>\n<p class=\"read-more\"> <a class=\"\" href=\"https:\/\/chiropraktik-bargteheide.de\/en\/impressum\/\"> <span class=\"screen-reader-text\">Impressum<\/span> Read More &raquo;<\/a><\/p>","protected":false},"author":1,"featured_media":0,"parent":0,"menu_order":0,"comment_status":"closed","ping_status":"closed","template":"","meta":{"site-sidebar-layout":"no-sidebar","site-content-layout":"page-builder","ast-global-header-display":"","ast-banner-title-visibility":"","ast-main-header-display":"","ast-hfb-above-header-display":"","ast-hfb-below-header-display":"","ast-hfb-mobile-header-display":"","site-post-title":"disabled","ast-breadcrumbs-content":"","ast-featured-img":"disabled","footer-sml-layout":"","theme-transparent-header-meta":"","adv-header-id-meta":"","stick-header-meta":"","header-above-stick-meta":"","header-main-stick-meta":"","header-below-stick-meta":"","footnotes":""},"class_list":["post-600","page","type-page","status-publish","hentry"],"yoast_head":"<!-- This site is optimized with the Yoast SEO plugin v20.8 - https:\/\/yoast.com\/wordpress\/plugins\/seo\/ -->\n<title>Impressum - Familien Chiropraktik Bargteheide<\/title>\n<meta name=\"robots\" content=\"index, follow, max-snippet:-1, max-image-preview:large, max-video-preview:-1\" \/>\n<link rel=\"canonical\" href=\"https:\/\/chiropraktik-bargteheide.de\/en\/impressum\/\" \/>\n<meta property=\"og:locale\" content=\"en_US\" \/>\n<meta property=\"og:type\" content=\"article\" \/>\n<meta property=\"og:title\" content=\"Impressum - Familien Chiropraktik Bargteheide\" \/>\n<meta property=\"og:description\" content=\"Impressum Name der Praxis: Familien Chiropraktik BargtheideStra\u00dfe: Rathausstra\u00dfe 29PLZ \/ Ort: 22941 BargteheideTelefon: 04532 2048011E-Mail:&nbsp;familien@chiropraktik-bargteheide.de Verantwortlich f\u00fcr die Website: Felix Wrage Gesetzliche Berufsbezeichnung: Heilpraktiker (sektoral im Bereich Chiropraktik &#8211; verliehen in der Bundesrepublik Deutschland) Zust\u00e4ndige Aufsichtsbeh\u00f6rde: Gesundheitsamt Stormarn Tag der Zulassung: 05.02.2020Beh\u00f6rdliche Erlaubnis durch: Kreisverwaltung Donnersbergkreis Berufsordnung: Nachzulesen im Internet unter https:\/\/www.bdh-online.de\/wp-content\/uploads\/2015\/08\/Berufsordnung-Heilpraktiker_2015_210x297_20150814.pdf Rechtsgrundlage der Heilpraktikert\u00e4tigkeit, &hellip; Impressum Read More &raquo;\" \/>\n<meta property=\"og:url\" content=\"https:\/\/chiropraktik-bargteheide.de\/en\/impressum\/\" \/>\n<meta property=\"og:site_name\" content=\"Familien Chiropraktik Bargteheide\" \/>\n<meta property=\"article:modified_time\" content=\"2024-09-20T12:32:07+00:00\" \/>\n<meta name=\"twitter:card\" content=\"summary_large_image\" \/>\n<meta name=\"twitter:label1\" content=\"Est. reading time\" \/>\n\t<meta name=\"twitter:data1\" content=\"2 minutes\" \/>\n<script type=\"application\/ld+json\" class=\"yoast-schema-graph\">{\"@context\":\"https:\/\/schema.org\",\"@graph\":[{\"@type\":\"WebPage\",\"@id\":\"https:\/\/chiropraktik-bargteheide.de\/impressum\/\",\"url\":\"https:\/\/chiropraktik-bargteheide.de\/impressum\/\",\"name\":\"Impressum - Familien Chiropraktik Bargteheide\",\"isPartOf\":{\"@id\":\"https:\/\/chiropraktik-bargteheide.de\/#website\"},\"datePublished\":\"2024-09-19T17:21:57+00:00\",\"dateModified\":\"2024-09-20T12:32:07+00:00\",\"breadcrumb\":{\"@id\":\"https:\/\/chiropraktik-bargteheide.de\/impressum\/#breadcrumb\"},\"inLanguage\":\"en-US\",\"potentialAction\":[{\"@type\":\"ReadAction\",\"target\":[\"https:\/\/chiropraktik-bargteheide.de\/impressum\/\"]}]},{\"@type\":\"BreadcrumbList\",\"@id\":\"https:\/\/chiropraktik-bargteheide.de\/impressum\/#breadcrumb\",\"itemListElement\":[{\"@type\":\"ListItem\",\"position\":1,\"name\":\"Startseite\",\"item\":\"https:\/\/chiropraktik-bargteheide.de\/\"},{\"@type\":\"ListItem\",\"position\":2,\"name\":\"Impressum\"}]},{\"@type\":\"WebSite\",\"@id\":\"https:\/\/chiropraktik-bargteheide.de\/#website\",\"url\":\"https:\/\/chiropraktik-bargteheide.de\/\",\"name\":\"Familien Chiropraktik Bargteheide\",\"description\":\"\",\"potentialAction\":[{\"@type\":\"SearchAction\",\"target\":{\"@type\":\"EntryPoint\",\"urlTemplate\":\"https:\/\/chiropraktik-bargteheide.de\/?s={search_term_string}\"},\"query-input\":\"required name=search_term_string\"}],\"inLanguage\":\"en-US\"}]}<\/script>\n<!-- \/ Yoast SEO plugin. -->","yoast_head_json":{"title":"Impressum - Familien Chiropraktik Bargteheide","robots":{"index":"index","follow":"follow","max-snippet":"max-snippet:-1","max-image-preview":"max-image-preview:large","max-video-preview":"max-video-preview:-1"},"canonical":"https:\/\/chiropraktik-bargteheide.de\/en\/impressum\/","og_locale":"en_US","og_type":"article","og_title":"Impressum - Familien Chiropraktik Bargteheide","og_description":"Impressum Name der Praxis: Familien Chiropraktik BargtheideStra\u00dfe: Rathausstra\u00dfe 29PLZ \/ Ort: 22941 BargteheideTelefon: 04532 2048011E-Mail:&nbsp;familien@chiropraktik-bargteheide.de Verantwortlich f\u00fcr die Website: Felix Wrage Gesetzliche Berufsbezeichnung: Heilpraktiker (sektoral im Bereich Chiropraktik &#8211; verliehen in der Bundesrepublik Deutschland) Zust\u00e4ndige Aufsichtsbeh\u00f6rde: Gesundheitsamt Stormarn Tag der Zulassung: 05.02.2020Beh\u00f6rdliche Erlaubnis durch: Kreisverwaltung Donnersbergkreis Berufsordnung: Nachzulesen im Internet unter https:\/\/www.bdh-online.de\/wp-content\/uploads\/2015\/08\/Berufsordnung-Heilpraktiker_2015_210x297_20150814.pdf Rechtsgrundlage der Heilpraktikert\u00e4tigkeit, &hellip; Impressum Read More &raquo;","og_url":"https:\/\/chiropraktik-bargteheide.de\/en\/impressum\/","og_site_name":"Familien Chiropraktik Bargteheide","article_modified_time":"2024-09-20T12:32:07+00:00","twitter_card":"summary_large_image","twitter_misc":{"Est. reading time":"2 minutes"},"schema":{"@context":"https:\/\/schema.org","@graph":[{"@type":"WebPage","@id":"https:\/\/chiropraktik-bargteheide.de\/impressum\/","url":"https:\/\/chiropraktik-bargteheide.de\/impressum\/","name":"Impressum - Familien Chiropraktik Bargteheide","isPartOf":{"@id":"https:\/\/chiropraktik-bargteheide.de\/#website"},"datePublished":"2024-09-19T17:21:57+00:00","dateModified":"2024-09-20T12:32:07+00:00","breadcrumb":{"@id":"https:\/\/chiropraktik-bargteheide.de\/impressum\/#breadcrumb"},"inLanguage":"en-US","potentialAction":[{"@type":"ReadAction","target":["https:\/\/chiropraktik-bargteheide.de\/impressum\/"]}]},{"@type":"BreadcrumbList","@id":"https:\/\/chiropraktik-bargteheide.de\/impressum\/#breadcrumb","itemListElement":[{"@type":"ListItem","position":1,"name":"Startseite","item":"https:\/\/chiropraktik-bargteheide.de\/"},{"@type":"ListItem","position":2,"name":"Impressum"}]},{"@type":"WebSite","@id":"https:\/\/chiropraktik-bargteheide.de\/#website","url":"https:\/\/chiropraktik-bargteheide.de\/","name":"Familien Chiropraktik Bargteheide","description":"","potentialAction":[{"@type":"SearchAction","target":{"@type":"EntryPoint","urlTemplate":"https:\/\/chiropraktik-bargteheide.de\/?s={search_term_string}"},"query-input":"required name=search_term_string"}],"inLanguage":"en-US"}]}},"_links":{"self":[{"href":"https:\/\/chiropraktik-bargteheide.de\/en\/wp-json\/wp\/v2\/pages\/600","targetHints":{"allow":["GET"]}}],"collection":[{"href":"https:\/\/chiropraktik-bargteheide.de\/en\/wp-json\/wp\/v2\/pages"}],"about":[{"href":"https:\/\/chiropraktik-bargteheide.de\/en\/wp-json\/wp\/v2\/types\/page"}],"author":[{"embeddable":true,"href":"https:\/\/chiropraktik-bargteheide.de\/en\/wp-json\/wp\/v2\/users\/1"}],"replies":[{"embeddable":true,"href":"https:\/\/chiropraktik-bargteheide.de\/en\/wp-json\/wp\/v2\/comments?post=600"}],"version-history":[{"count":7,"href":"https:\/\/chiropraktik-bargteheide.de\/en\/wp-json\/wp\/v2\/pages\/600\/revisions"}],"predecessor-version":[{"id":624,"href":"https:\/\/chiropraktik-bargteheide.de\/en\/wp-json\/wp\/v2\/pages\/600\/revisions\/624"}],"wp:attachment":[{"href":"https:\/\/chiropraktik-bargteheide.de\/en\/wp-json\/wp\/v2\/media?parent=600"}],"curies":[{"name":"wp","href":"https:\/\/api.w.org\/{rel}","templated":true}]}}