{"id":287,"date":"2023-06-11T18:55:27","date_gmt":"2023-06-11T16:55:27","guid":{"rendered":"https:\/\/chiropraktik-bargteheide.de\/?page_id=287"},"modified":"2024-09-26T15:04:53","modified_gmt":"2024-09-26T13:04:53","slug":"was-sie-erwartet","status":"publish","type":"page","link":"https:\/\/chiropraktik-bargteheide.de\/en\/was-sie-erwartet\/","title":{"rendered":"What to expect"},"content":{"rendered":"<div data-elementor-type=\"wp-page\" data-elementor-id=\"287\" class=\"elementor elementor-287\">\n\t\t\t\t\t\t\t\t\t<section class=\"elementor-section elementor-top-section elementor-element elementor-element-e330770 elementor-section-boxed elementor-section-height-default elementor-section-height-default\" data-id=\"e330770\" data-element_type=\"section\">\n\t\t\t\t\t\t<div class=\"elementor-container elementor-column-gap-default\">\n\t\t\t\t\t<div class=\"elementor-column elementor-col-100 elementor-top-column elementor-element elementor-element-da3a1cd\" data-id=\"da3a1cd\" data-element_type=\"column\">\n\t\t\t<div class=\"elementor-widget-wrap elementor-element-populated\">\n\t\t\t\t\t\t\t\t<div class=\"elementor-element elementor-element-aeb8a9d elementor-widget elementor-widget-spacer\" data-id=\"aeb8a9d\" data-element_type=\"widget\" data-widget_type=\"spacer.default\">\n\t\t\t\t<div class=\"elementor-widget-container\">\n\t\t\t<style>\/*! elementor - v3.13.3 - 22-05-2023 *\/\n.elementor-column .elementor-spacer-inner{height:var(--spacer-size)}.e-con{--container-widget-width:100%}.e-con-inner>.elementor-widget-spacer,.e-con>.elementor-widget-spacer{width:var(--container-widget-width,var(--spacer-size));--align-self:var(--container-widget-align-self,initial);--flex-shrink:0}.e-con-inner>.elementor-widget-spacer>.elementor-widget-container,.e-con-inner>.elementor-widget-spacer>.elementor-widget-container>.elementor-spacer,.e-con>.elementor-widget-spacer>.elementor-widget-container,.e-con>.elementor-widget-spacer>.elementor-widget-container>.elementor-spacer{height:100%}.e-con-inner>.elementor-widget-spacer>.elementor-widget-container>.elementor-spacer>.elementor-spacer-inner,.e-con>.elementor-widget-spacer>.elementor-widget-container>.elementor-spacer>.elementor-spacer-inner{height:var(--container-widget-height,var(--spacer-size))}<\/style>\t\t<div class=\"elementor-spacer\">\n\t\t\t<div class=\"elementor-spacer-inner\"><\/div>\n\t\t<\/div>\n\t\t\t\t<\/div>\n\t\t\t\t<\/div>\n\t\t\t\t<div class=\"elementor-element elementor-element-00e078c elementor-widget elementor-widget-heading\" data-id=\"00e078c\" data-element_type=\"widget\" data-widget_type=\"heading.default\">\n\t\t\t\t<div class=\"elementor-widget-container\">\n\t\t\t<style>\/*! elementor - v3.13.3 - 22-05-2023 *\/\n.elementor-heading-title{padding:0;margin:0;line-height:1}.elementor-widget-heading .elementor-heading-title[class*=elementor-size-]>a{color:inherit;font-size:inherit;line-height:inherit}.elementor-widget-heading .elementor-heading-title.elementor-size-small{font-size:15px}.elementor-widget-heading .elementor-heading-title.elementor-size-medium{font-size:19px}.elementor-widget-heading .elementor-heading-title.elementor-size-large{font-size:29px}.elementor-widget-heading .elementor-heading-title.elementor-size-xl{font-size:39px}.elementor-widget-heading .elementor-heading-title.elementor-size-xxl{font-size:59px}<\/style><h2 class=\"elementor-heading-title elementor-size-default\">WHAT TO EXPECT<\/h2>\t\t<\/div>\n\t\t\t\t<\/div>\n\t\t\t\t<div class=\"elementor-element elementor-element-3d8c32c elementor-widget elementor-widget-spacer\" data-id=\"3d8c32c\" data-element_type=\"widget\" data-widget_type=\"spacer.default\">\n\t\t\t\t<div class=\"elementor-widget-container\">\n\t\t\t\t\t<div class=\"elementor-spacer\">\n\t\t\t<div class=\"elementor-spacer-inner\"><\/div>\n\t\t<\/div>\n\t\t\t\t<\/div>\n\t\t\t\t<\/div>\n\t\t\t\t<section class=\"elementor-section elementor-inner-section elementor-element elementor-element-2d2a1cf elementor-section-boxed elementor-section-height-default elementor-section-height-default\" data-id=\"2d2a1cf\" data-element_type=\"section\">\n\t\t\t\t\t\t<div class=\"elementor-container elementor-column-gap-default\">\n\t\t\t\t\t<div class=\"elementor-column elementor-col-50 elementor-inner-column elementor-element elementor-element-612ddd4\" data-id=\"612ddd4\" data-element_type=\"column\">\n\t\t\t<div class=\"elementor-widget-wrap elementor-element-populated\">\n\t\t\t\t\t\t\t\t<div class=\"elementor-element elementor-element-44f4d9c elementor-widget elementor-widget-accordion\" data-id=\"44f4d9c\" data-element_type=\"widget\" data-widget_type=\"accordion.default\">\n\t\t\t\t<div class=\"elementor-widget-container\">\n\t\t\t<style>\/*! elementor - v3.13.3 - 22-05-2023 *\/\n.elementor-accordion{text-align:left}.elementor-accordion .elementor-accordion-item{border:1px solid #d5d8dc}.elementor-accordion .elementor-accordion-item+.elementor-accordion-item{border-top:none}.elementor-accordion .elementor-tab-title{margin:0;padding:15px 20px;font-weight:700;line-height:1;cursor:pointer;outline:none}.elementor-accordion .elementor-tab-title .elementor-accordion-icon{display:inline-block;width:1.5em}.elementor-accordion .elementor-tab-title .elementor-accordion-icon svg{width:1em;height:1em}.elementor-accordion .elementor-tab-title .elementor-accordion-icon.elementor-accordion-icon-right{float:right;text-align:right}.elementor-accordion .elementor-tab-title .elementor-accordion-icon.elementor-accordion-icon-left{float:left;text-align:left}.elementor-accordion .elementor-tab-title .elementor-accordion-icon .elementor-accordion-icon-closed{display:block}.elementor-accordion .elementor-tab-title .elementor-accordion-icon .elementor-accordion-icon-opened,.elementor-accordion .elementor-tab-title.elementor-active .elementor-accordion-icon-closed{display:none}.elementor-accordion .elementor-tab-title.elementor-active .elementor-accordion-icon-opened{display:block}.elementor-accordion .elementor-tab-content{display:none;padding:15px 20px;border-top:1px solid #d5d8dc}@media (max-width:767px){.elementor-accordion .elementor-tab-title{padding:12px 15px}.elementor-accordion .elementor-tab-title .elementor-accordion-icon{width:1.2em}.elementor-accordion .elementor-tab-content{padding:7px 15px}}.e-con-inner>.elementor-widget-accordion,.e-con>.elementor-widget-accordion{width:var(--container-widget-width);--flex-grow:var(--container-widget-flex-grow)}<\/style>\t\t<div class=\"elementor-accordion\" role=\"tablist\">\n\t\t\t\t\t\t\t<div class=\"elementor-accordion-item\">\n\t\t\t\t\t<div id=\"elementor-tab-title-7231\" class=\"elementor-tab-title\" data-tab=\"1\" role=\"tab\" aria-controls=\"elementor-tab-content-7231\" aria-expanded=\"false\">\n\t\t\t\t\t\t\t\t\t\t\t\t\t<span class=\"elementor-accordion-icon elementor-accordion-icon-left\" aria-hidden=\"true\">\n\t\t\t\t\t\t\t\t\t\t\t\t\t\t\t<span class=\"elementor-accordion-icon-closed\"><i class=\"fas fa-plus\"><\/i><\/span>\n\t\t\t\t\t\t\t\t<span class=\"elementor-accordion-icon-opened\"><i class=\"fas fa-minus\"><\/i><\/span>\n\t\t\t\t\t\t\t\t\t\t\t\t\t\t<\/span>\n\t\t\t\t\t\t\t\t\t\t\t\t<a class=\"elementor-accordion-title\" href=\"\">Step One - Consultation appointments<\/a>\n\t\t\t\t\t<\/div>\n\t\t\t\t\t<div id=\"elementor-tab-content-7231\" class=\"elementor-tab-content elementor-clearfix\" data-tab=\"1\" role=\"tabpanel\" aria-labelledby=\"elementor-tab-title-7231\">A consultation with one of our specially trained chiropractors. You will quickly notice a difference to conventional doctors because, unlike many other professionals, a chiropractor delves deeply into your\/your child's medical history. We take the time and really listen to take a detailed medical history and find the causes of the health problems.\u2028Many parents report that after this first conversation they are confident and full of trust in the process because for the first time they feel heard and taken seriously and find answers to why their child is having problems in the first place.<\/div>\n\t\t\t\t<\/div>\n\t\t\t\t\t\t\t<div class=\"elementor-accordion-item\">\n\t\t\t\t\t<div id=\"elementor-tab-title-7232\" class=\"elementor-tab-title\" data-tab=\"2\" role=\"tab\" aria-controls=\"elementor-tab-content-7232\" aria-expanded=\"false\">\n\t\t\t\t\t\t\t\t\t\t\t\t\t<span class=\"elementor-accordion-icon elementor-accordion-icon-left\" aria-hidden=\"true\">\n\t\t\t\t\t\t\t\t\t\t\t\t\t\t\t<span class=\"elementor-accordion-icon-closed\"><i class=\"fas fa-plus\"><\/i><\/span>\n\t\t\t\t\t\t\t\t<span class=\"elementor-accordion-icon-opened\"><i class=\"fas fa-minus\"><\/i><\/span>\n\t\t\t\t\t\t\t\t\t\t\t\t\t\t<\/span>\n\t\t\t\t\t\t\t\t\t\t\t\t<a class=\"elementor-accordion-title\" href=\"\">Step Two - Insight-Scans<\/a>\n\t\t\t\t\t<\/div>\n\t\t\t\t\t<div id=\"elementor-tab-content-7232\" class=\"elementor-tab-content elementor-clearfix\" data-tab=\"2\" role=\"tabpanel\" aria-labelledby=\"elementor-tab-title-7232\">With the help of \u201cINSIGHT scans\u201d you can delve deep into the function of the central nervous system. They consist of three different scans that measure, quantify and illustrate how much stress and tension there is in the autonomic nervous system.\u2028The scans look for subluxation, dysautonomia and vagus nerve dysfunction - all phenomena that signify a stressed and dysfunctional nervous system.<\/div>\n\t\t\t\t<\/div>\n\t\t\t\t\t\t\t<div class=\"elementor-accordion-item\">\n\t\t\t\t\t<div id=\"elementor-tab-title-7233\" class=\"elementor-tab-title\" data-tab=\"3\" role=\"tab\" aria-controls=\"elementor-tab-content-7233\" aria-expanded=\"false\">\n\t\t\t\t\t\t\t\t\t\t\t\t\t<span class=\"elementor-accordion-icon elementor-accordion-icon-left\" aria-hidden=\"true\">\n\t\t\t\t\t\t\t\t\t\t\t\t\t\t\t<span class=\"elementor-accordion-icon-closed\"><i class=\"fas fa-plus\"><\/i><\/span>\n\t\t\t\t\t\t\t\t<span class=\"elementor-accordion-icon-opened\"><i class=\"fas fa-minus\"><\/i><\/span>\n\t\t\t\t\t\t\t\t\t\t\t\t\t\t<\/span>\n\t\t\t\t\t\t\t\t\t\t\t\t<a class=\"elementor-accordion-title\" href=\"\">Step Three - Treatment plan<\/a>\n\t\t\t\t\t<\/div>\n\t\t\t\t\t<div id=\"elementor-tab-content-7233\" class=\"elementor-tab-content elementor-clearfix\" data-tab=\"3\" role=\"tabpanel\" aria-labelledby=\"elementor-tab-title-7233\">Is the development of a precise, individual treatment plan that is tailored exactly to the respective needs. This system combines medical history findings\u00a0(trauma, toxins, illnesses, etc.) with our neurological exam and INSiGHT scan results. This allows us to determine exactly how often adjustments need to be made and how long you or your child needs treatment. Each treatment plan is unique and tailored to each individual patient.<\/div>\n\t\t\t\t<\/div>\n\t\t\t\t\t\t\t<div class=\"elementor-accordion-item\">\n\t\t\t\t\t<div id=\"elementor-tab-title-7234\" class=\"elementor-tab-title\" data-tab=\"4\" role=\"tab\" aria-controls=\"elementor-tab-content-7234\" aria-expanded=\"false\">\n\t\t\t\t\t\t\t\t\t\t\t\t\t<span class=\"elementor-accordion-icon elementor-accordion-icon-left\" aria-hidden=\"true\">\n\t\t\t\t\t\t\t\t\t\t\t\t\t\t\t<span class=\"elementor-accordion-icon-closed\"><i class=\"fas fa-plus\"><\/i><\/span>\n\t\t\t\t\t\t\t\t<span class=\"elementor-accordion-icon-opened\"><i class=\"fas fa-minus\"><\/i><\/span>\n\t\t\t\t\t\t\t\t\t\t\t\t\t\t<\/span>\n\t\t\t\t\t\t\t\t\t\t\t\t<a class=\"elementor-accordion-title\" href=\"\">Step Four - Results report<\/a>\n\t\t\t\t\t<\/div>\n\t\t\t\t\t<div id=\"elementor-tab-content-7234\" class=\"elementor-tab-content elementor-clearfix\" data-tab=\"4\" role=\"tabpanel\" aria-labelledby=\"elementor-tab-title-7234\">During the so-called \u201cfinding report\u201d visit, the INSIGHT scan, the examination results and the treatment plan are discussed. All your questions and possible concerns can be discussed here. This step is particularly exciting for many families because there is finally a clear action plan to get health and healing back on track!<\/div>\n\t\t\t\t<\/div>\n\t\t\t\t\t\t\t<div class=\"elementor-accordion-item\">\n\t\t\t\t\t<div id=\"elementor-tab-title-7235\" class=\"elementor-tab-title\" data-tab=\"5\" role=\"tab\" aria-controls=\"elementor-tab-content-7235\" aria-expanded=\"false\">\n\t\t\t\t\t\t\t\t\t\t\t\t\t<span class=\"elementor-accordion-icon elementor-accordion-icon-left\" aria-hidden=\"true\">\n\t\t\t\t\t\t\t\t\t\t\t\t\t\t\t<span class=\"elementor-accordion-icon-closed\"><i class=\"fas fa-plus\"><\/i><\/span>\n\t\t\t\t\t\t\t\t<span class=\"elementor-accordion-icon-opened\"><i class=\"fas fa-minus\"><\/i><\/span>\n\t\t\t\t\t\t\t\t\t\t\t\t\t\t<\/span>\n\t\t\t\t\t\t\t\t\t\t\t\t<a class=\"elementor-accordion-title\" href=\"\">Step Five - Adjustments<\/a>\n\t\t\t\t\t<\/div>\n\t\t\t\t\t<div id=\"elementor-tab-content-7235\" class=\"elementor-tab-content elementor-clearfix\" data-tab=\"5\" role=\"tabpanel\" aria-labelledby=\"elementor-tab-title-7235\">Start with the safe and gentle adjustments that directly help to release tension and stress from the nervous system! Initial nervousness usually goes away quickly because the special treatment takes place in a relaxed and carefree atmosphere. Get ready for lots of laughter, relaxation, better sleep, and serious healing!<\/div>\n\t\t\t\t<\/div>\n\t\t\t\t\t\t\t\t<\/div>\n\t\t\t\t<\/div>\n\t\t\t\t<\/div>\n\t\t\t\t<div class=\"elementor-element elementor-element-f9e3b39 elementor-widget elementor-widget-spacer\" data-id=\"f9e3b39\" data-element_type=\"widget\" data-widget_type=\"spacer.default\">\n\t\t\t\t<div class=\"elementor-widget-container\">\n\t\t\t\t\t<div class=\"elementor-spacer\">\n\t\t\t<div class=\"elementor-spacer-inner\"><\/div>\n\t\t<\/div>\n\t\t\t\t<\/div>\n\t\t\t\t<\/div>\n\t\t\t\t<div class=\"elementor-element elementor-element-cad0a70 elementor-align-center elementor-widget elementor-widget-button\" data-id=\"cad0a70\" data-element_type=\"widget\" data-widget_type=\"button.default\">\n\t\t\t\t<div class=\"elementor-widget-container\">\n\t\t\t\t\t<div class=\"elementor-button-wrapper\">\n\t\t\t<a href=\"#\" class=\"elementor-button-link elementor-button elementor-size-sm\" role=\"button\">\n\t\t\t\t\t\t<span class=\"elementor-button-content-wrapper\">\n\t\t\t\t\t\t<span class=\"elementor-button-text\">Make an appointment <\/span>\n\t\t<\/span>\n\t\t\t\t\t<\/a>\n\t\t<\/div>\n\t\t\t\t<\/div>\n\t\t\t\t<\/div>\n\t\t\t\t\t<\/div>\n\t\t<\/div>\n\t\t\t\t<div class=\"elementor-column elementor-col-50 elementor-inner-column elementor-element elementor-element-5cb4d6f\" data-id=\"5cb4d6f\" data-element_type=\"column\">\n\t\t\t<div class=\"elementor-widget-wrap elementor-element-populated\">\n\t\t\t\t\t\t\t\t\t<\/div>\n\t\t<\/div>\n\t\t\t\t\t\t\t<\/div>\n\t\t<\/section>\n\t\t\t\t<div class=\"elementor-element elementor-element-d41178b elementor-widget elementor-widget-spacer\" data-id=\"d41178b\" data-element_type=\"widget\" data-widget_type=\"spacer.default\">\n\t\t\t\t<div class=\"elementor-widget-container\">\n\t\t\t\t\t<div class=\"elementor-spacer\">\n\t\t\t<div class=\"elementor-spacer-inner\"><\/div>\n\t\t<\/div>\n\t\t\t\t<\/div>\n\t\t\t\t<\/div>\n\t\t\t\t<section class=\"elementor-section elementor-inner-section elementor-element elementor-element-3db4edd elementor-section-boxed elementor-section-height-default elementor-section-height-default\" data-id=\"3db4edd\" data-element_type=\"section\">\n\t\t\t\t\t\t<div class=\"elementor-container elementor-column-gap-default\">\n\t\t\t\t\t<div class=\"elementor-column elementor-col-50 elementor-inner-column elementor-element elementor-element-bbd9c5c\" data-id=\"bbd9c5c\" data-element_type=\"column\">\n\t\t\t<div class=\"elementor-widget-wrap\">\n\t\t\t\t\t\t\t\t\t<\/div>\n\t\t<\/div>\n\t\t\t\t<div class=\"elementor-column elementor-col-50 elementor-inner-column elementor-element elementor-element-f8086db\" data-id=\"f8086db\" data-element_type=\"column\">\n\t\t\t<div class=\"elementor-widget-wrap\">\n\t\t\t\t\t\t\t\t\t<\/div>\n\t\t<\/div>\n\t\t\t\t\t\t\t<\/div>\n\t\t<\/section>\n\t\t\t\t\t<\/div>\n\t\t<\/div>\n\t\t\t\t\t\t\t<\/div>\n\t\t<\/section>\n\t\t\t\t\t\t\t<\/div>","protected":false},"excerpt":{"rendered":"<p>WAS SIE ERWARTET Schritt 1 &#8211; Beratungstermine Schritt eins plant eine Beratung mit einem unserer unglaublichen Chiropraktoren. Sie werden sofort einen gro\u00dfen Unterschied zu herk\u00f6mmlichen \u00c4rzten bemerken, da Ihr Chiropraktor im Gegensatz zu anderen Fachleuten tief in die Krankengeschichte Ihres Kindes eintaucht, wirklich zuh\u00f6rt und sich die Zeit nimmt, die Ursachen f\u00fcr die gesundheitlichen Probleme &hellip;<\/p>\n<p class=\"read-more\"> <a class=\"\" href=\"https:\/\/chiropraktik-bargteheide.de\/en\/was-sie-erwartet\/\"> <span class=\"screen-reader-text\">What to expect<\/span> Read More &raquo;<\/a><\/p>","protected":false},"author":1,"featured_media":0,"parent":0,"menu_order":0,"comment_status":"closed","ping_status":"closed","template":"","meta":{"site-sidebar-layout":"no-sidebar","site-content-layout":"page-builder","ast-global-header-display":"","ast-banner-title-visibility":"","ast-main-header-display":"","ast-hfb-above-header-display":"","ast-hfb-below-header-display":"","ast-hfb-mobile-header-display":"","site-post-title":"disabled","ast-breadcrumbs-content":"","ast-featured-img":"disabled","footer-sml-layout":"","theme-transparent-header-meta":"","adv-header-id-meta":"","stick-header-meta":"","header-above-stick-meta":"","header-main-stick-meta":"","header-below-stick-meta":"","footnotes":""},"class_list":["post-287","page","type-page","status-publish","hentry"],"yoast_head":"<!-- This site is optimized with the Yoast SEO plugin v20.8 - https:\/\/yoast.com\/wordpress\/plugins\/seo\/ -->\n<title>Was Sie erwartet - Familien Chiropraktik Bargteheide<\/title>\n<meta name=\"robots\" content=\"index, follow, max-snippet:-1, max-image-preview:large, max-video-preview:-1\" \/>\n<link rel=\"canonical\" href=\"https:\/\/chiropraktik-bargteheide.de\/en\/was-sie-erwartet\/\" \/>\n<meta property=\"og:locale\" content=\"en_US\" \/>\n<meta property=\"og:type\" content=\"article\" \/>\n<meta property=\"og:title\" content=\"Was Sie erwartet - Familien Chiropraktik Bargteheide\" \/>\n<meta property=\"og:description\" content=\"WAS SIE ERWARTET Schritt 1 &#8211; Beratungstermine Schritt eins plant eine Beratung mit einem unserer unglaublichen Chiropraktoren. Sie werden sofort einen gro\u00dfen Unterschied zu herk\u00f6mmlichen \u00c4rzten bemerken, da Ihr Chiropraktor im Gegensatz zu anderen Fachleuten tief in die Krankengeschichte Ihres Kindes eintaucht, wirklich zuh\u00f6rt und sich die Zeit nimmt, die Ursachen f\u00fcr die gesundheitlichen Probleme &hellip; Was Sie erwartet Read More &raquo;\" \/>\n<meta property=\"og:url\" content=\"https:\/\/chiropraktik-bargteheide.de\/en\/was-sie-erwartet\/\" \/>\n<meta property=\"og:site_name\" content=\"Familien Chiropraktik Bargteheide\" \/>\n<meta property=\"article:modified_time\" content=\"2024-09-26T13:04:53+00:00\" \/>\n<meta name=\"twitter:card\" content=\"summary_large_image\" \/>\n<meta name=\"twitter:label1\" content=\"Est. reading time\" \/>\n\t<meta name=\"twitter:data1\" content=\"3 minutes\" \/>\n<script type=\"application\/ld+json\" class=\"yoast-schema-graph\">{\"@context\":\"https:\/\/schema.org\",\"@graph\":[{\"@type\":\"WebPage\",\"@id\":\"https:\/\/chiropraktik-bargteheide.de\/was-sie-erwartet\/\",\"url\":\"https:\/\/chiropraktik-bargteheide.de\/was-sie-erwartet\/\",\"name\":\"Was Sie erwartet - Familien Chiropraktik Bargteheide\",\"isPartOf\":{\"@id\":\"https:\/\/chiropraktik-bargteheide.de\/#website\"},\"datePublished\":\"2023-06-11T16:55:27+00:00\",\"dateModified\":\"2024-09-26T13:04:53+00:00\",\"breadcrumb\":{\"@id\":\"https:\/\/chiropraktik-bargteheide.de\/was-sie-erwartet\/#breadcrumb\"},\"inLanguage\":\"en-US\",\"potentialAction\":[{\"@type\":\"ReadAction\",\"target\":[\"https:\/\/chiropraktik-bargteheide.de\/was-sie-erwartet\/\"]}]},{\"@type\":\"BreadcrumbList\",\"@id\":\"https:\/\/chiropraktik-bargteheide.de\/was-sie-erwartet\/#breadcrumb\",\"itemListElement\":[{\"@type\":\"ListItem\",\"position\":1,\"name\":\"Startseite\",\"item\":\"https:\/\/chiropraktik-bargteheide.de\/\"},{\"@type\":\"ListItem\",\"position\":2,\"name\":\"Was Sie erwartet\"}]},{\"@type\":\"WebSite\",\"@id\":\"https:\/\/chiropraktik-bargteheide.de\/#website\",\"url\":\"https:\/\/chiropraktik-bargteheide.de\/\",\"name\":\"Familien Chiropraktik Bargteheide\",\"description\":\"\",\"potentialAction\":[{\"@type\":\"SearchAction\",\"target\":{\"@type\":\"EntryPoint\",\"urlTemplate\":\"https:\/\/chiropraktik-bargteheide.de\/?s={search_term_string}\"},\"query-input\":\"required name=search_term_string\"}],\"inLanguage\":\"en-US\"}]}<\/script>\n<!-- \/ Yoast SEO plugin. -->","yoast_head_json":{"title":"Was Sie erwartet - Familien Chiropraktik Bargteheide","robots":{"index":"index","follow":"follow","max-snippet":"max-snippet:-1","max-image-preview":"max-image-preview:large","max-video-preview":"max-video-preview:-1"},"canonical":"https:\/\/chiropraktik-bargteheide.de\/en\/was-sie-erwartet\/","og_locale":"en_US","og_type":"article","og_title":"Was Sie erwartet - Familien Chiropraktik Bargteheide","og_description":"WAS SIE ERWARTET Schritt 1 &#8211; Beratungstermine Schritt eins plant eine Beratung mit einem unserer unglaublichen Chiropraktoren. Sie werden sofort einen gro\u00dfen Unterschied zu herk\u00f6mmlichen \u00c4rzten bemerken, da Ihr Chiropraktor im Gegensatz zu anderen Fachleuten tief in die Krankengeschichte Ihres Kindes eintaucht, wirklich zuh\u00f6rt und sich die Zeit nimmt, die Ursachen f\u00fcr die gesundheitlichen Probleme &hellip; Was Sie erwartet Read More &raquo;","og_url":"https:\/\/chiropraktik-bargteheide.de\/en\/was-sie-erwartet\/","og_site_name":"Familien Chiropraktik Bargteheide","article_modified_time":"2024-09-26T13:04:53+00:00","twitter_card":"summary_large_image","twitter_misc":{"Est. reading time":"3 minutes"},"schema":{"@context":"https:\/\/schema.org","@graph":[{"@type":"WebPage","@id":"https:\/\/chiropraktik-bargteheide.de\/was-sie-erwartet\/","url":"https:\/\/chiropraktik-bargteheide.de\/was-sie-erwartet\/","name":"Was Sie erwartet - Familien Chiropraktik Bargteheide","isPartOf":{"@id":"https:\/\/chiropraktik-bargteheide.de\/#website"},"datePublished":"2023-06-11T16:55:27+00:00","dateModified":"2024-09-26T13:04:53+00:00","breadcrumb":{"@id":"https:\/\/chiropraktik-bargteheide.de\/was-sie-erwartet\/#breadcrumb"},"inLanguage":"en-US","potentialAction":[{"@type":"ReadAction","target":["https:\/\/chiropraktik-bargteheide.de\/was-sie-erwartet\/"]}]},{"@type":"BreadcrumbList","@id":"https:\/\/chiropraktik-bargteheide.de\/was-sie-erwartet\/#breadcrumb","itemListElement":[{"@type":"ListItem","position":1,"name":"Startseite","item":"https:\/\/chiropraktik-bargteheide.de\/"},{"@type":"ListItem","position":2,"name":"Was Sie erwartet"}]},{"@type":"WebSite","@id":"https:\/\/chiropraktik-bargteheide.de\/#website","url":"https:\/\/chiropraktik-bargteheide.de\/","name":"Familien Chiropraktik Bargteheide","description":"","potentialAction":[{"@type":"SearchAction","target":{"@type":"EntryPoint","urlTemplate":"https:\/\/chiropraktik-bargteheide.de\/?s={search_term_string}"},"query-input":"required name=search_term_string"}],"inLanguage":"en-US"}]}},"_links":{"self":[{"href":"https:\/\/chiropraktik-bargteheide.de\/en\/wp-json\/wp\/v2\/pages\/287","targetHints":{"allow":["GET"]}}],"collection":[{"href":"https:\/\/chiropraktik-bargteheide.de\/en\/wp-json\/wp\/v2\/pages"}],"about":[{"href":"https:\/\/chiropraktik-bargteheide.de\/en\/wp-json\/wp\/v2\/types\/page"}],"author":[{"embeddable":true,"href":"https:\/\/chiropraktik-bargteheide.de\/en\/wp-json\/wp\/v2\/users\/1"}],"replies":[{"embeddable":true,"href":"https:\/\/chiropraktik-bargteheide.de\/en\/wp-json\/wp\/v2\/comments?post=287"}],"version-history":[{"count":37,"href":"https:\/\/chiropraktik-bargteheide.de\/en\/wp-json\/wp\/v2\/pages\/287\/revisions"}],"predecessor-version":[{"id":682,"href":"https:\/\/chiropraktik-bargteheide.de\/en\/wp-json\/wp\/v2\/pages\/287\/revisions\/682"}],"wp:attachment":[{"href":"https:\/\/chiropraktik-bargteheide.de\/en\/wp-json\/wp\/v2\/media?parent=287"}],"curies":[{"name":"wp","href":"https:\/\/api.w.org\/{rel}","templated":true}]}}